{"id":18,"date":"2014-12-02T05:42:26","date_gmt":"2014-12-02T05:42:26","guid":{"rendered":"http:\/\/arboldelavida.com.pe\/blog\/?page_id=18"},"modified":"2016-12-10T23:20:32","modified_gmt":"2016-12-10T23:20:32","slug":"mapa-de-ubicacion","status":"publish","type":"page","link":"http:\/\/www.arboldelavida.com.pe\/blog\/mapa-de-ubicacion\/","title":{"rendered":"Mapa de Ubicaci\u00f3n"},"content":{"rendered":"<p>Pueden encontrarnos en la siguiente direcci\u00f3n: Calle Mariano Odicio 432, Miraflores, Lima (altura Benavides &#038; V\u00eda Expresa) <\/p>\n<p><img loading=\"lazy\" decoding=\"async\" class=\"aligncenter size-full wp-image-38\" src=\"http:\/\/www.arboldelavida.com.pe\/blog\/wp-content\/uploads\/2014\/12\/mapa-22.png\" alt=\"\" width=\"642\" height=\"364\" srcset=\"http:\/\/www.arboldelavida.com.pe\/blog\/wp-content\/uploads\/2014\/12\/mapa-22.png 642w, http:\/\/www.arboldelavida.com.pe\/blog\/wp-content\/uploads\/2014\/12\/mapa-22-300x170.png 300w\" sizes=\"auto, (max-width: 642px) 100vw, 642px\" \/><\/p>\n","protected":false},"excerpt":{"rendered":"<p>Pueden encontrarnos en la siguiente direcci\u00f3n: Calle Mariano Odicio 432, Miraflores, Lima (altura Benavides &#038; V\u00eda Expresa)<\/p>\n","protected":false},"author":1,"featured_media":0,"parent":0,"menu_order":4,"comment_status":"closed","ping_status":"closed","template":"","meta":{"ngg_post_thumbnail":0,"footnotes":""},"class_list":["post-18","page","type-page","status-publish","hentry"],"_links":{"self":[{"href":"http:\/\/www.arboldelavida.com.pe\/blog\/wp-json\/wp\/v2\/pages\/18","targetHints":{"allow":["GET"]}}],"collection":[{"href":"http:\/\/www.arboldelavida.com.pe\/blog\/wp-json\/wp\/v2\/pages"}],"about":[{"href":"http:\/\/www.arboldelavida.com.pe\/blog\/wp-json\/wp\/v2\/types\/page"}],"author":[{"embeddable":true,"href":"http:\/\/www.arboldelavida.com.pe\/blog\/wp-json\/wp\/v2\/users\/1"}],"replies":[{"embeddable":true,"href":"http:\/\/www.arboldelavida.com.pe\/blog\/wp-json\/wp\/v2\/comments?post=18"}],"version-history":[{"count":8,"href":"http:\/\/www.arboldelavida.com.pe\/blog\/wp-json\/wp\/v2\/pages\/18\/revisions"}],"predecessor-version":[{"id":2725,"href":"http:\/\/www.arboldelavida.com.pe\/blog\/wp-json\/wp\/v2\/pages\/18\/revisions\/2725"}],"wp:attachment":[{"href":"http:\/\/www.arboldelavida.com.pe\/blog\/wp-json\/wp\/v2\/media?parent=18"}],"curies":[{"name":"wp","href":"https:\/\/api.w.org\/{rel}","templated":true}]}}